{"id":4879,"date":"2023-07-26T09:52:36","date_gmt":"2023-07-26T09:52:36","guid":{"rendered":"https:\/\/multitank.es\/producto\/equipo-de-riego-asfaltico\/"},"modified":"2023-10-25T11:08:21","modified_gmt":"2023-10-25T11:08:21","slug":"equipo-de-riego-asfaltico","status":"publish","type":"product","link":"https:\/\/multitank.es\/en\/producto\/equipo-de-riego-asfaltico\/","title":{"rendered":"Equipo de Riego Asf\u00e1ltico"},"content":{"rendered":"","protected":false},"excerpt":{"rendered":"<div class=\"woocommerce-product-details__short-description\">\n<p>Esta cisterna consta de 3 compartimentos (gasoil, agua y emulsi\u00f3n). Est\u00e1 equipada con:<br \/>\n\u2013 gancho \u00a8hook lift\u00a8 para facilitar las tareas de carga y descarga<br \/>\n\u2013 ca\u00f1a de riego con manguera de 5 metros<br \/>\n\u2013 manguera enrrollable con boquerel y cuenta litros<br \/>\n\u2013 bomba auxiliar de agua para abastecer al equipo de extendido<\/p>\n<p>El sistema de funcionamiento del equipo es a trav\u00e9s de la hidr\u00e1ulica del cami\u00f3n.<\/p>\n<\/div>\n","protected":false},"featured_media":4860,"template":"","meta":[],"product_brand":[],"product_cat":[128,122],"product_tag":[],"class_list":{"0":"post-4879","1":"product","2":"type-product","3":"status-publish","4":"has-post-thumbnail","6":"product_cat-asphaltic-irrigation","7":"product_cat-riego-asfaltico-en","9":"first","10":"instock","11":"shipping-taxable","12":"product-type-simple"},"yoast_head":"<!-- This site is optimized with the Yoast SEO plugin v26.1.1 - https:\/\/yoast.com\/wordpress\/plugins\/seo\/ -->\n<title>Equipo de Riego Asf\u00e1ltico - MULTITANK<\/title>\n<meta name=\"robots\" content=\"index, follow, max-snippet:-1, max-image-preview:large, max-video-preview:-1\" \/>\n<link rel=\"canonical\" href=\"https:\/\/multitank.es\/en\/producto\/equipo-de-riego-asfaltico\/\" \/>\n<meta property=\"og:locale\" content=\"en_US\" \/>\n<meta property=\"og:type\" content=\"article\" \/>\n<meta property=\"og:title\" content=\"Equipo de Riego Asf\u00e1ltico - MULTITANK\" \/>\n<meta property=\"og:description\" content=\"Esta cisterna consta de 3 compartimentos (gasoil, agua y emulsi\u00f3n). Est\u00e1 equipada con: \u2013 gancho \u00a8hook lift\u00a8 para facilitar las tareas de carga y descarga \u2013 ca\u00f1a de riego con manguera de 5 metros \u2013 manguera enrrollable con boquerel y cuenta litros \u2013 bomba auxiliar de agua para abastecer al equipo de extendido  El sistema de funcionamiento del equipo es a trav\u00e9s de la hidr\u00e1ulica del cami\u00f3n.\" \/>\n<meta property=\"og:url\" content=\"https:\/\/multitank.es\/en\/producto\/equipo-de-riego-asfaltico\/\" \/>\n<meta property=\"og:site_name\" content=\"MULTITANK\" \/>\n<meta property=\"article:modified_time\" content=\"2023-10-25T11:08:21+00:00\" \/>\n<meta property=\"og:image\" content=\"https:\/\/multitank.es\/wp-content\/uploads\/2023\/07\/Cisterna_Riego_asfaltico.jpg\" \/>\n\t<meta property=\"og:image:width\" content=\"960\" \/>\n\t<meta property=\"og:image:height\" content=\"960\" \/>\n\t<meta property=\"og:image:type\" content=\"image\/jpeg\" \/>\n<meta name=\"twitter:card\" content=\"summary_large_image\" \/>\n<script type=\"application\/ld+json\" class=\"yoast-schema-graph\">{\"@context\":\"https:\/\/schema.org\",\"@graph\":[{\"@type\":\"WebPage\",\"@id\":\"https:\/\/multitank.es\/en\/producto\/equipo-de-riego-asfaltico\/\",\"url\":\"https:\/\/multitank.es\/en\/producto\/equipo-de-riego-asfaltico\/\",\"name\":\"Equipo de Riego Asf\u00e1ltico - MULTITANK\",\"isPartOf\":{\"@id\":\"https:\/\/multitank.es\/#website\"},\"primaryImageOfPage\":{\"@id\":\"https:\/\/multitank.es\/en\/producto\/equipo-de-riego-asfaltico\/#primaryimage\"},\"image\":{\"@id\":\"https:\/\/multitank.es\/en\/producto\/equipo-de-riego-asfaltico\/#primaryimage\"},\"thumbnailUrl\":\"https:\/\/multitank.es\/wp-content\/uploads\/2023\/07\/Cisterna_Riego_asfaltico.jpg\",\"datePublished\":\"2023-07-26T09:52:36+00:00\",\"dateModified\":\"2023-10-25T11:08:21+00:00\",\"breadcrumb\":{\"@id\":\"https:\/\/multitank.es\/en\/producto\/equipo-de-riego-asfaltico\/#breadcrumb\"},\"inLanguage\":\"en-US\",\"potentialAction\":[{\"@type\":\"ReadAction\",\"target\":[\"https:\/\/multitank.es\/en\/producto\/equipo-de-riego-asfaltico\/\"]}]},{\"@type\":\"ImageObject\",\"inLanguage\":\"en-US\",\"@id\":\"https:\/\/multitank.es\/en\/producto\/equipo-de-riego-asfaltico\/#primaryimage\",\"url\":\"https:\/\/multitank.es\/wp-content\/uploads\/2023\/07\/Cisterna_Riego_asfaltico.jpg\",\"contentUrl\":\"https:\/\/multitank.es\/wp-content\/uploads\/2023\/07\/Cisterna_Riego_asfaltico.jpg\",\"width\":960,\"height\":960},{\"@type\":\"BreadcrumbList\",\"@id\":\"https:\/\/multitank.es\/en\/producto\/equipo-de-riego-asfaltico\/#breadcrumb\",\"itemListElement\":[{\"@type\":\"ListItem\",\"position\":1,\"name\":\"Portada\",\"item\":\"https:\/\/multitank.es\/en\/\"},{\"@type\":\"ListItem\",\"position\":2,\"name\":\"Containers\",\"item\":\"https:\/\/multitank.es\/en\/containers\/\"},{\"@type\":\"ListItem\",\"position\":3,\"name\":\"Equipo de Riego Asf\u00e1ltico\"}]},{\"@type\":\"WebSite\",\"@id\":\"https:\/\/multitank.es\/#website\",\"url\":\"https:\/\/multitank.es\/\",\"name\":\"MULTITANK\",\"description\":\"Fabricante cisternas de transporte\",\"potentialAction\":[{\"@type\":\"SearchAction\",\"target\":{\"@type\":\"EntryPoint\",\"urlTemplate\":\"https:\/\/multitank.es\/?s={search_term_string}\"},\"query-input\":{\"@type\":\"PropertyValueSpecification\",\"valueRequired\":true,\"valueName\":\"search_term_string\"}}],\"inLanguage\":\"en-US\"}]}<\/script>\n<!-- \/ Yoast SEO plugin. -->","yoast_head_json":{"title":"Equipo de Riego Asf\u00e1ltico - MULTITANK","robots":{"index":"index","follow":"follow","max-snippet":"max-snippet:-1","max-image-preview":"max-image-preview:large","max-video-preview":"max-video-preview:-1"},"canonical":"https:\/\/multitank.es\/en\/producto\/equipo-de-riego-asfaltico\/","og_locale":"en_US","og_type":"article","og_title":"Equipo de Riego Asf\u00e1ltico - MULTITANK","og_description":"Esta cisterna consta de 3 compartimentos (gasoil, agua y emulsi\u00f3n). Est\u00e1 equipada con: \u2013 gancho \u00a8hook lift\u00a8 para facilitar las tareas de carga y descarga \u2013 ca\u00f1a de riego con manguera de 5 metros \u2013 manguera enrrollable con boquerel y cuenta litros \u2013 bomba auxiliar de agua para abastecer al equipo de extendido  El sistema de funcionamiento del equipo es a trav\u00e9s de la hidr\u00e1ulica del cami\u00f3n.","og_url":"https:\/\/multitank.es\/en\/producto\/equipo-de-riego-asfaltico\/","og_site_name":"MULTITANK","article_modified_time":"2023-10-25T11:08:21+00:00","og_image":[{"width":960,"height":960,"url":"https:\/\/multitank.es\/wp-content\/uploads\/2023\/07\/Cisterna_Riego_asfaltico.jpg","type":"image\/jpeg"}],"twitter_card":"summary_large_image","schema":{"@context":"https:\/\/schema.org","@graph":[{"@type":"WebPage","@id":"https:\/\/multitank.es\/en\/producto\/equipo-de-riego-asfaltico\/","url":"https:\/\/multitank.es\/en\/producto\/equipo-de-riego-asfaltico\/","name":"Equipo de Riego Asf\u00e1ltico - MULTITANK","isPartOf":{"@id":"https:\/\/multitank.es\/#website"},"primaryImageOfPage":{"@id":"https:\/\/multitank.es\/en\/producto\/equipo-de-riego-asfaltico\/#primaryimage"},"image":{"@id":"https:\/\/multitank.es\/en\/producto\/equipo-de-riego-asfaltico\/#primaryimage"},"thumbnailUrl":"https:\/\/multitank.es\/wp-content\/uploads\/2023\/07\/Cisterna_Riego_asfaltico.jpg","datePublished":"2023-07-26T09:52:36+00:00","dateModified":"2023-10-25T11:08:21+00:00","breadcrumb":{"@id":"https:\/\/multitank.es\/en\/producto\/equipo-de-riego-asfaltico\/#breadcrumb"},"inLanguage":"en-US","potentialAction":[{"@type":"ReadAction","target":["https:\/\/multitank.es\/en\/producto\/equipo-de-riego-asfaltico\/"]}]},{"@type":"ImageObject","inLanguage":"en-US","@id":"https:\/\/multitank.es\/en\/producto\/equipo-de-riego-asfaltico\/#primaryimage","url":"https:\/\/multitank.es\/wp-content\/uploads\/2023\/07\/Cisterna_Riego_asfaltico.jpg","contentUrl":"https:\/\/multitank.es\/wp-content\/uploads\/2023\/07\/Cisterna_Riego_asfaltico.jpg","width":960,"height":960},{"@type":"BreadcrumbList","@id":"https:\/\/multitank.es\/en\/producto\/equipo-de-riego-asfaltico\/#breadcrumb","itemListElement":[{"@type":"ListItem","position":1,"name":"Portada","item":"https:\/\/multitank.es\/en\/"},{"@type":"ListItem","position":2,"name":"Containers","item":"https:\/\/multitank.es\/en\/containers\/"},{"@type":"ListItem","position":3,"name":"Equipo de Riego Asf\u00e1ltico"}]},{"@type":"WebSite","@id":"https:\/\/multitank.es\/#website","url":"https:\/\/multitank.es\/","name":"MULTITANK","description":"Fabricante cisternas de transporte","potentialAction":[{"@type":"SearchAction","target":{"@type":"EntryPoint","urlTemplate":"https:\/\/multitank.es\/?s={search_term_string}"},"query-input":{"@type":"PropertyValueSpecification","valueRequired":true,"valueName":"search_term_string"}}],"inLanguage":"en-US"}]}},"_links":{"self":[{"href":"https:\/\/multitank.es\/en\/wp-json\/wp\/v2\/product\/4879","targetHints":{"allow":["GET"]}}],"collection":[{"href":"https:\/\/multitank.es\/en\/wp-json\/wp\/v2\/product"}],"about":[{"href":"https:\/\/multitank.es\/en\/wp-json\/wp\/v2\/types\/product"}],"wp:featuredmedia":[{"embeddable":true,"href":"https:\/\/multitank.es\/en\/wp-json\/wp\/v2\/media\/4860"}],"wp:attachment":[{"href":"https:\/\/multitank.es\/en\/wp-json\/wp\/v2\/media?parent=4879"}],"wp:term":[{"taxonomy":"product_brand","embeddable":true,"href":"https:\/\/multitank.es\/en\/wp-json\/wp\/v2\/product_brand?post=4879"},{"taxonomy":"product_cat","embeddable":true,"href":"https:\/\/multitank.es\/en\/wp-json\/wp\/v2\/product_cat?post=4879"},{"taxonomy":"product_tag","embeddable":true,"href":"https:\/\/multitank.es\/en\/wp-json\/wp\/v2\/product_tag?post=4879"}],"curies":[{"name":"wp","href":"https:\/\/api.w.org\/{rel}","templated":true}]}}