{"id":4886,"date":"2023-07-05T17:50:19","date_gmt":"2023-07-05T17:50:19","guid":{"rendered":"https:\/\/multitank.es\/producto\/t14\/"},"modified":"2024-10-30T10:07:40","modified_gmt":"2024-10-30T10:07:40","slug":"t14","status":"publish","type":"product","link":"https:\/\/multitank.es\/en\/producto\/t14\/","title":{"rendered":"T14"},"content":{"rendered":"","protected":false},"excerpt":{"rendered":"<p><strong>Contenedores Cisterna T14<\/strong> destinados para el Transporte Intermodal de \u00e1cido n\u00edtrico HNO3.<br \/>\nFabricados en un acero inoxidable de aleaci\u00f3n especial.<\/p>\n<p>Usted propone, nosotros dise\u00f1amos y fabricamos.<\/p>\n","protected":false},"featured_media":3616,"template":"","meta":[],"product_brand":[],"product_cat":[125],"product_tag":[],"class_list":{"0":"post-4886","1":"product","2":"type-product","3":"status-publish","4":"has-post-thumbnail","6":"product_cat-chemicals","8":"first","9":"instock","10":"shipping-taxable","11":"product-type-simple"},"yoast_head":"<!-- This site is optimized with the Yoast SEO plugin v26.1.1 - https:\/\/yoast.com\/wordpress\/plugins\/seo\/ -->\n<title>T14 - MULTITANK<\/title>\n<meta name=\"robots\" content=\"index, follow, max-snippet:-1, max-image-preview:large, max-video-preview:-1\" \/>\n<link rel=\"canonical\" href=\"https:\/\/multitank.es\/en\/producto\/t14\/\" \/>\n<meta property=\"og:locale\" content=\"en_US\" \/>\n<meta property=\"og:type\" content=\"article\" \/>\n<meta property=\"og:title\" content=\"T14 - MULTITANK\" \/>\n<meta property=\"og:description\" content=\"Contenedores Cisterna T14 destinados para el Transporte Intermodal de \u00e1cido n\u00edtrico HNO3. Fabricados en un acero inoxidable de aleaci\u00f3n especial.  Usted propone, nosotros dise\u00f1amos y fabricamos.\" \/>\n<meta property=\"og:url\" content=\"https:\/\/multitank.es\/en\/producto\/t14\/\" \/>\n<meta property=\"og:site_name\" content=\"MULTITANK\" \/>\n<meta property=\"article:modified_time\" content=\"2024-10-30T10:07:40+00:00\" \/>\n<meta property=\"og:image\" content=\"https:\/\/multitank.es\/wp-content\/uploads\/2019\/10\/corrosivos-OK-1.jpg\" \/>\n\t<meta property=\"og:image:width\" content=\"1000\" \/>\n\t<meta property=\"og:image:height\" content=\"1000\" \/>\n\t<meta property=\"og:image:type\" content=\"image\/jpeg\" \/>\n<meta name=\"twitter:card\" content=\"summary_large_image\" \/>\n<script type=\"application\/ld+json\" class=\"yoast-schema-graph\">{\"@context\":\"https:\/\/schema.org\",\"@graph\":[{\"@type\":\"WebPage\",\"@id\":\"https:\/\/multitank.es\/en\/producto\/t14\/\",\"url\":\"https:\/\/multitank.es\/en\/producto\/t14\/\",\"name\":\"T14 - MULTITANK\",\"isPartOf\":{\"@id\":\"https:\/\/multitank.es\/#website\"},\"primaryImageOfPage\":{\"@id\":\"https:\/\/multitank.es\/en\/producto\/t14\/#primaryimage\"},\"image\":{\"@id\":\"https:\/\/multitank.es\/en\/producto\/t14\/#primaryimage\"},\"thumbnailUrl\":\"https:\/\/multitank.es\/wp-content\/uploads\/2019\/10\/corrosivos-OK-1.jpg\",\"datePublished\":\"2023-07-05T17:50:19+00:00\",\"dateModified\":\"2024-10-30T10:07:40+00:00\",\"breadcrumb\":{\"@id\":\"https:\/\/multitank.es\/en\/producto\/t14\/#breadcrumb\"},\"inLanguage\":\"en-US\",\"potentialAction\":[{\"@type\":\"ReadAction\",\"target\":[\"https:\/\/multitank.es\/en\/producto\/t14\/\"]}]},{\"@type\":\"ImageObject\",\"inLanguage\":\"en-US\",\"@id\":\"https:\/\/multitank.es\/en\/producto\/t14\/#primaryimage\",\"url\":\"https:\/\/multitank.es\/wp-content\/uploads\/2019\/10\/corrosivos-OK-1.jpg\",\"contentUrl\":\"https:\/\/multitank.es\/wp-content\/uploads\/2019\/10\/corrosivos-OK-1.jpg\",\"width\":1000,\"height\":1000},{\"@type\":\"BreadcrumbList\",\"@id\":\"https:\/\/multitank.es\/en\/producto\/t14\/#breadcrumb\",\"itemListElement\":[{\"@type\":\"ListItem\",\"position\":1,\"name\":\"Portada\",\"item\":\"https:\/\/multitank.es\/en\/\"},{\"@type\":\"ListItem\",\"position\":2,\"name\":\"Containers\",\"item\":\"https:\/\/multitank.es\/en\/containers\/\"},{\"@type\":\"ListItem\",\"position\":3,\"name\":\"T14\"}]},{\"@type\":\"WebSite\",\"@id\":\"https:\/\/multitank.es\/#website\",\"url\":\"https:\/\/multitank.es\/\",\"name\":\"MULTITANK\",\"description\":\"Fabricante cisternas de transporte\",\"potentialAction\":[{\"@type\":\"SearchAction\",\"target\":{\"@type\":\"EntryPoint\",\"urlTemplate\":\"https:\/\/multitank.es\/?s={search_term_string}\"},\"query-input\":{\"@type\":\"PropertyValueSpecification\",\"valueRequired\":true,\"valueName\":\"search_term_string\"}}],\"inLanguage\":\"en-US\"}]}<\/script>\n<!-- \/ Yoast SEO plugin. -->","yoast_head_json":{"title":"T14 - MULTITANK","robots":{"index":"index","follow":"follow","max-snippet":"max-snippet:-1","max-image-preview":"max-image-preview:large","max-video-preview":"max-video-preview:-1"},"canonical":"https:\/\/multitank.es\/en\/producto\/t14\/","og_locale":"en_US","og_type":"article","og_title":"T14 - MULTITANK","og_description":"Contenedores Cisterna T14 destinados para el Transporte Intermodal de \u00e1cido n\u00edtrico HNO3. Fabricados en un acero inoxidable de aleaci\u00f3n especial.  Usted propone, nosotros dise\u00f1amos y fabricamos.","og_url":"https:\/\/multitank.es\/en\/producto\/t14\/","og_site_name":"MULTITANK","article_modified_time":"2024-10-30T10:07:40+00:00","og_image":[{"width":1000,"height":1000,"url":"https:\/\/multitank.es\/wp-content\/uploads\/2019\/10\/corrosivos-OK-1.jpg","type":"image\/jpeg"}],"twitter_card":"summary_large_image","schema":{"@context":"https:\/\/schema.org","@graph":[{"@type":"WebPage","@id":"https:\/\/multitank.es\/en\/producto\/t14\/","url":"https:\/\/multitank.es\/en\/producto\/t14\/","name":"T14 - MULTITANK","isPartOf":{"@id":"https:\/\/multitank.es\/#website"},"primaryImageOfPage":{"@id":"https:\/\/multitank.es\/en\/producto\/t14\/#primaryimage"},"image":{"@id":"https:\/\/multitank.es\/en\/producto\/t14\/#primaryimage"},"thumbnailUrl":"https:\/\/multitank.es\/wp-content\/uploads\/2019\/10\/corrosivos-OK-1.jpg","datePublished":"2023-07-05T17:50:19+00:00","dateModified":"2024-10-30T10:07:40+00:00","breadcrumb":{"@id":"https:\/\/multitank.es\/en\/producto\/t14\/#breadcrumb"},"inLanguage":"en-US","potentialAction":[{"@type":"ReadAction","target":["https:\/\/multitank.es\/en\/producto\/t14\/"]}]},{"@type":"ImageObject","inLanguage":"en-US","@id":"https:\/\/multitank.es\/en\/producto\/t14\/#primaryimage","url":"https:\/\/multitank.es\/wp-content\/uploads\/2019\/10\/corrosivos-OK-1.jpg","contentUrl":"https:\/\/multitank.es\/wp-content\/uploads\/2019\/10\/corrosivos-OK-1.jpg","width":1000,"height":1000},{"@type":"BreadcrumbList","@id":"https:\/\/multitank.es\/en\/producto\/t14\/#breadcrumb","itemListElement":[{"@type":"ListItem","position":1,"name":"Portada","item":"https:\/\/multitank.es\/en\/"},{"@type":"ListItem","position":2,"name":"Containers","item":"https:\/\/multitank.es\/en\/containers\/"},{"@type":"ListItem","position":3,"name":"T14"}]},{"@type":"WebSite","@id":"https:\/\/multitank.es\/#website","url":"https:\/\/multitank.es\/","name":"MULTITANK","description":"Fabricante cisternas de transporte","potentialAction":[{"@type":"SearchAction","target":{"@type":"EntryPoint","urlTemplate":"https:\/\/multitank.es\/?s={search_term_string}"},"query-input":{"@type":"PropertyValueSpecification","valueRequired":true,"valueName":"search_term_string"}}],"inLanguage":"en-US"}]}},"_links":{"self":[{"href":"https:\/\/multitank.es\/en\/wp-json\/wp\/v2\/product\/4886","targetHints":{"allow":["GET"]}}],"collection":[{"href":"https:\/\/multitank.es\/en\/wp-json\/wp\/v2\/product"}],"about":[{"href":"https:\/\/multitank.es\/en\/wp-json\/wp\/v2\/types\/product"}],"wp:featuredmedia":[{"embeddable":true,"href":"https:\/\/multitank.es\/en\/wp-json\/wp\/v2\/media\/3616"}],"wp:attachment":[{"href":"https:\/\/multitank.es\/en\/wp-json\/wp\/v2\/media?parent=4886"}],"wp:term":[{"taxonomy":"product_brand","embeddable":true,"href":"https:\/\/multitank.es\/en\/wp-json\/wp\/v2\/product_brand?post=4886"},{"taxonomy":"product_cat","embeddable":true,"href":"https:\/\/multitank.es\/en\/wp-json\/wp\/v2\/product_cat?post=4886"},{"taxonomy":"product_tag","embeddable":true,"href":"https:\/\/multitank.es\/en\/wp-json\/wp\/v2\/product_tag?post=4886"}],"curies":[{"name":"wp","href":"https:\/\/api.w.org\/{rel}","templated":true}]}}